{"id":1293,"date":"2025-12-11T17:19:35","date_gmt":"2025-12-11T17:19:35","guid":{"rendered":"https:\/\/essemobilya.com.tr\/?page_id=1293"},"modified":"2025-12-11T17:20:32","modified_gmt":"2025-12-11T17:20:32","slug":"bize-ulasin","status":"publish","type":"page","link":"https:\/\/essemobilya.com.tr\/?page_id=1293","title":{"rendered":"B\u0130ZE ULA\u015eIN"},"content":{"rendered":"\n<p>50 y\u0131ll\u0131k tecr\u00fcbesi ve ba\u015far\u0131s\u0131 ile mobilya sekt\u00f6r\u00fcnde T\u00fcrkiye nin ve D\u00fcnyan\u0131n yayg\u0131n markalar\u0131 aras\u0131na girmeyi hedefleyen ESSE MOB\u0130LYA Kayseri\u2019de bulunan Mobilya Ma\u011fazas\u0131 ile m\u00fc\u015fterilerine hizmet vermektedir.<\/p>\n\n\n\n<p>T\u00fcketici memnuniyetini, kalite ve sa\u011flaml\u0131\u011f\u0131, her b\u00fct\u00e7eye uygun fiyatlarla sunmay\u0131 olmazsa olmaz felsefemiz kabul eden firmam\u0131z y\u00fcksek \u00fcretim kapasitesi ve uzman kadromuz ile satt\u0131\u011f\u0131m\u0131z \u00fcr\u00fcnlerimize iki y\u0131l garanti vermektedir.<\/p>\n\n\n\n<p>Bu zamana kadar y\u0131llar\u0131n tecr\u00fcbesi ile m\u00fc\u015fteri portf\u00f6y\u00fcn\u00fc s\u00fcrekli geli\u015fime a\u00e7\u0131k tutan firmam\u0131z geli\u015fen teknoloji ve yenilenen modelleri s\u00fcrekli takip ederek m\u00fc\u015fterilerine en yeni modelleri sunmaktad\u0131r.<\/p>\n\n\n\n<p>Esse Mobilya olarak temel hedefimiz yeni teknolojilerle ve kalifiye \u00e7al\u0131\u015fanlarla s\u00fcrekli geli\u015fim ile size en iyi hizmeti sa\u011flamakt\u0131r.<\/p>\n\n\n\n<p><\/p>\n\n\n\n<p>ESSE MOB\u0130LYA<\/p>\n\n\n\n<p>Sanayi B\u00f6lgesi 1.Cadde No:63\/A Kocasinan \/ KAYSER\u0130<\/p>\n\n\n\n<p>Tel: (352) 336 30 44 Faks : (352) 336 28 13<\/p>\n\n\n\n<p><a href=\"https:\/\/essemobilya.com.tr\/\" data-type=\"page\" data-id=\"1140\">www.essemobilya.com.tr<\/a> \u2013 <a href=\"mailto:info@essemobilya.com.tr\">info@essemobilya.com.tr<\/a> <\/p>\n","protected":false},"excerpt":{"rendered":"<p>50 y\u0131ll\u0131k tecr\u00fcbesi ve ba\u015far\u0131s\u0131 ile mobilya sekt\u00f6r\u00fcnde T\u00fcrkiye nin ve D\u00fcnyan\u0131n yayg\u0131n markalar\u0131 aras\u0131na girmeyi hedefleyen ESSE MOB\u0130LYA Kayseri\u2019de bulunan Mobilya Ma\u011fazas\u0131 ile m\u00fc\u015fterilerine hizmet vermektedir. T\u00fcketici memnuniyetini, kalite ve sa\u011flaml\u0131\u011f\u0131, her b\u00fct\u00e7eye uygun fiyatlarla sunmay\u0131 olmazsa olmaz felsefemiz kabul eden firmam\u0131z y\u00fcksek \u00fcretim kapasitesi ve uzman kadromuz ile satt\u0131\u011f\u0131m\u0131z \u00fcr\u00fcnlerimize iki y\u0131l garanti [&hellip;]<\/p>\n","protected":false},"author":1,"featured_media":1294,"parent":0,"menu_order":0,"comment_status":"closed","ping_status":"closed","template":"","meta":{"footnotes":""},"class_list":["post-1293","page","type-page","status-publish","has-post-thumbnail","hentry"],"_links":{"self":[{"href":"https:\/\/essemobilya.com.tr\/index.php?rest_route=\/wp\/v2\/pages\/1293","targetHints":{"allow":["GET"]}}],"collection":[{"href":"https:\/\/essemobilya.com.tr\/index.php?rest_route=\/wp\/v2\/pages"}],"about":[{"href":"https:\/\/essemobilya.com.tr\/index.php?rest_route=\/wp\/v2\/types\/page"}],"author":[{"embeddable":true,"href":"https:\/\/essemobilya.com.tr\/index.php?rest_route=\/wp\/v2\/users\/1"}],"replies":[{"embeddable":true,"href":"https:\/\/essemobilya.com.tr\/index.php?rest_route=%2Fwp%2Fv2%2Fcomments&post=1293"}],"version-history":[{"count":2,"href":"https:\/\/essemobilya.com.tr\/index.php?rest_route=\/wp\/v2\/pages\/1293\/revisions"}],"predecessor-version":[{"id":1296,"href":"https:\/\/essemobilya.com.tr\/index.php?rest_route=\/wp\/v2\/pages\/1293\/revisions\/1296"}],"wp:featuredmedia":[{"embeddable":true,"href":"https:\/\/essemobilya.com.tr\/index.php?rest_route=\/wp\/v2\/media\/1294"}],"wp:attachment":[{"href":"https:\/\/essemobilya.com.tr\/index.php?rest_route=%2Fwp%2Fv2%2Fmedia&parent=1293"}],"curies":[{"name":"wp","href":"https:\/\/api.w.org\/{rel}","templated":true}]}}