{"id":1191,"date":"2025-12-11T16:21:38","date_gmt":"2025-12-11T16:21:38","guid":{"rendered":"https:\/\/essemobilya.com.tr\/?post_type=product&#038;p=1191"},"modified":"2025-12-11T16:36:55","modified_gmt":"2025-12-11T16:36:55","slug":"carla-genc-odasi-takimi","status":"publish","type":"product","link":"https:\/\/essemobilya.com.tr\/?product=carla-genc-odasi-takimi","title":{"rendered":"CARLA Gen\u00e7 Odas\u0131 Tak\u0131m\u0131"},"content":{"rendered":"<p>ESSE Mobilya Rapsodi Marka Carla Gen\u00e7 Odas\u0131 Tak\u0131m\u0131<\/p>\n","protected":false},"excerpt":{"rendered":"<p>ESSE Mobilya Rapsodi Marka Carla Gen\u00e7 Odas\u0131 Tak\u0131m\u0131<\/p>\n","protected":false},"featured_media":1192,"comment_status":"open","ping_status":"closed","template":"","meta":[],"product_brand":[],"product_cat":[22,58],"product_tag":[59],"class_list":{"0":"post-1191","1":"product","2":"type-product","3":"status-publish","4":"has-post-thumbnail","6":"product_cat-tamami","7":"product_cat-genc-odasi","8":"product_tag-genc-odasi-takimi","10":"first","11":"instock","12":"shipping-taxable","13":"product-type-simple"},"_links":{"self":[{"href":"https:\/\/essemobilya.com.tr\/index.php?rest_route=\/wp\/v2\/product\/1191","targetHints":{"allow":["GET"]}}],"collection":[{"href":"https:\/\/essemobilya.com.tr\/index.php?rest_route=\/wp\/v2\/product"}],"about":[{"href":"https:\/\/essemobilya.com.tr\/index.php?rest_route=\/wp\/v2\/types\/product"}],"replies":[{"embeddable":true,"href":"https:\/\/essemobilya.com.tr\/index.php?rest_route=%2Fwp%2Fv2%2Fcomments&post=1191"}],"wp:featuredmedia":[{"embeddable":true,"href":"https:\/\/essemobilya.com.tr\/index.php?rest_route=\/wp\/v2\/media\/1192"}],"wp:attachment":[{"href":"https:\/\/essemobilya.com.tr\/index.php?rest_route=%2Fwp%2Fv2%2Fmedia&parent=1191"}],"wp:term":[{"taxonomy":"product_brand","embeddable":true,"href":"https:\/\/essemobilya.com.tr\/index.php?rest_route=%2Fwp%2Fv2%2Fproduct_brand&post=1191"},{"taxonomy":"product_cat","embeddable":true,"href":"https:\/\/essemobilya.com.tr\/index.php?rest_route=%2Fwp%2Fv2%2Fproduct_cat&post=1191"},{"taxonomy":"product_tag","embeddable":true,"href":"https:\/\/essemobilya.com.tr\/index.php?rest_route=%2Fwp%2Fv2%2Fproduct_tag&post=1191"}],"curies":[{"name":"wp","href":"https:\/\/api.w.org\/{rel}","templated":true}]}}