{"id":1247,"date":"2025-12-11T16:54:46","date_gmt":"2025-12-11T16:54:46","guid":{"rendered":"https:\/\/essemobilya.com.tr\/?post_type=product&#038;p=1247"},"modified":"2025-12-11T16:54:47","modified_gmt":"2025-12-11T16:54:47","slug":"monaco-yemek-odasi","status":"publish","type":"product","link":"https:\/\/essemobilya.com.tr\/?product=monaco-yemek-odasi","title":{"rendered":"MONACO Yemek Odas\u0131"},"content":{"rendered":"<p>Esse Mobilya Rapsodi Marka MONACO Yemek Odas\u0131 Tak\u0131m\u0131<\/p>\n","protected":false},"excerpt":{"rendered":"<p>Esse Mobilya Rapsodi Marka MONACO Yemek Odas\u0131<\/p>\n","protected":false},"featured_media":1248,"comment_status":"open","ping_status":"closed","template":"","meta":[],"product_brand":[],"product_cat":[22,35],"product_tag":[63,57],"class_list":{"0":"post-1247","1":"product","2":"type-product","3":"status-publish","4":"has-post-thumbnail","6":"product_cat-tamami","7":"product_cat-yemekoda","8":"product_tag-yemek-odasi","9":"product_tag-yemek-odasi-takimi","11":"first","12":"instock","13":"shipping-taxable","14":"product-type-simple"},"_links":{"self":[{"href":"https:\/\/essemobilya.com.tr\/index.php?rest_route=\/wp\/v2\/product\/1247","targetHints":{"allow":["GET"]}}],"collection":[{"href":"https:\/\/essemobilya.com.tr\/index.php?rest_route=\/wp\/v2\/product"}],"about":[{"href":"https:\/\/essemobilya.com.tr\/index.php?rest_route=\/wp\/v2\/types\/product"}],"replies":[{"embeddable":true,"href":"https:\/\/essemobilya.com.tr\/index.php?rest_route=%2Fwp%2Fv2%2Fcomments&post=1247"}],"wp:featuredmedia":[{"embeddable":true,"href":"https:\/\/essemobilya.com.tr\/index.php?rest_route=\/wp\/v2\/media\/1248"}],"wp:attachment":[{"href":"https:\/\/essemobilya.com.tr\/index.php?rest_route=%2Fwp%2Fv2%2Fmedia&parent=1247"}],"wp:term":[{"taxonomy":"product_brand","embeddable":true,"href":"https:\/\/essemobilya.com.tr\/index.php?rest_route=%2Fwp%2Fv2%2Fproduct_brand&post=1247"},{"taxonomy":"product_cat","embeddable":true,"href":"https:\/\/essemobilya.com.tr\/index.php?rest_route=%2Fwp%2Fv2%2Fproduct_cat&post=1247"},{"taxonomy":"product_tag","embeddable":true,"href":"https:\/\/essemobilya.com.tr\/index.php?rest_route=%2Fwp%2Fv2%2Fproduct_tag&post=1247"}],"curies":[{"name":"wp","href":"https:\/\/api.w.org\/{rel}","templated":true}]}}